{"id":21,"date":"2025-10-07T14:12:58","date_gmt":"2025-10-07T12:12:58","guid":{"rendered":"https:\/\/apertum-consulting.pl\/?page_id=21"},"modified":"2026-01-25T17:59:52","modified_gmt":"2026-01-25T16:59:52","slug":"oferta","status":"publish","type":"page","link":"https:\/\/apertum-consulting.pl\/index.php\/oferta\/","title":{"rendered":"BREEAM"},"content":{"rendered":"\n<div class=\"wp-block-buttons alignwide has-custom-font-size has-small-font-size wp-container-content-1387b69e is-horizontal is-content-justification-center is-nowrap is-layout-flex wp-container-core-buttons-is-layout-f33adfaa wp-block-buttons-is-layout-flex\" style=\"margin-top:0;margin-bottom:var(--wp--preset--spacing--40);padding-top:0;padding-right:0;padding-bottom:0;padding-left:0\">\n<div class=\"wp-block-button is-style-fill\"><a class=\"wp-block-button__link has-base-color has-text-color has-background has-link-color wp-element-button\" href=\"https:\/\/apertum-consulting.pl\" style=\"background-color:#274370de\">HOME<\/a><\/div>\n\n\n\n<div class=\"wp-block-button is-style-fill\"><a class=\"wp-block-button__link has-base-color has-text-color has-background has-link-color wp-element-button\" href=\"https:\/\/apertum-consulting.pl\/index.php\/o-nas\/\" style=\"background-color:#274370de\">O NAS<\/a><\/div>\n\n\n\n<div class=\"wp-block-button is-style-fill\"><a class=\"wp-block-button__link has-base-color has-text-color has-background has-link-color wp-element-button\" href=\"https:\/\/apertum-consulting.pl\/index.php\/oferta-2\/\" style=\"background-color:#274370de\">OFERTA<\/a><\/div>\n\n\n\n<div class=\"wp-block-button\"><a class=\"wp-block-button__link has-base-color has-text-color has-background has-link-color wp-element-button\" href=\"https:\/\/apertum-consulting.pl\/index.php\/strona-glowna\/\" style=\"background-color:#274370de\">KONTAKT<\/a><\/div>\n<\/div>\n\n\n\n<div class=\"wp-block-media-text is-stacked-on-mobile is-vertically-aligned-top\" style=\"grid-template-columns:48% auto\"><figure class=\"wp-block-media-text__media\"><img loading=\"lazy\" decoding=\"async\" width=\"602\" height=\"400\" src=\"https:\/\/apertum-consulting.pl\/wp-content\/uploads\/2025\/10\/Obraz1.jpg\" alt=\"\" class=\"wp-image-35 size-full\" srcset=\"https:\/\/apertum-consulting.pl\/wp-content\/uploads\/2025\/10\/Obraz1.jpg 602w, https:\/\/apertum-consulting.pl\/wp-content\/uploads\/2025\/10\/Obraz1-300x199.jpg 300w\" sizes=\"auto, (max-width: 602px) 100vw, 602px\" \/><\/figure><div class=\"wp-block-media-text__content\">\n<div class=\"wp-block-group has-global-padding is-content-justification-left is-layout-constrained wp-container-core-group-is-layout-12dd3699 wp-block-group-is-layout-constrained\">\n<p style=\"padding-top:0;padding-bottom:0;font-size:clamp(0.875rem, 0.875rem + ((1vw - 0.2rem) * 0.542), 1.2rem);\"><strong>BREEAM<\/strong> to system oceny jako\u015bci budynk\u00f3w b\u0119d\u0105cy obecnie standardem w bran\u017cy nieruchomo\u015bci w Europie i na \u015bwiecie stosowanym przez inwestor\u00f3w i deweloper\u00f3w.<\/p>\n\n\n\n<p style=\"padding-top:0;padding-bottom:0;font-size:clamp(0.875rem, 0.875rem + ((1vw - 0.2rem) * 0.542), 1.2rem);\">System kryteri\u00f3w, wg kt\u00f3rych oceniana jest inwestycja, bierze pod uwag\u0119 wiele cech budynku w tym: jako\u015b\u0107 \u015brodowiska wewn\u0119trznego, efektywno\u015b\u0107 energetyczn\u0105, dost\u0119pno\u015b\u0107 komunikacyjn\u0105, materia\u0142y i konstrukcj\u0119, zarz\u0105dzanie eksploatacj\u0105 oraz realizacj\u0105, gospodark\u0119 wod\u0105, gospodark\u0119 odpadami.<\/p>\n\n\n\n<p style=\"padding-top:0;padding-bottom:0;font-size:clamp(0.875rem, 0.875rem + ((1vw - 0.2rem) * 0.542), 1.2rem);\">Proces certyfikacji opiera si\u0119 na schemacie wypracowanym i ci\u0105gle udoskonalanym przez <strong>BRE Global<\/strong>. Schemat jest narz\u0119dziem pozwalaj\u0105cym na maksymalnie obiektywn\u0105 ocen\u0119 inwestycji w ca\u0142ym procesie \u2013 od koncepcji do oddania do u\u017cytkowania. Jego konstrukcja umo\u017cliwia r\u00f3wnie\u017c ocen\u0119 budynk\u00f3w w okre\u015blonym \u015brodowisku, regionie i klimacie, natomiast dzi\u0119ki zastosowanym wsp\u00f3\u0142czynnikom wagowym pozwala r\u00f3wnie\u017c na por\u00f3wnanie ich wp\u0142ywu na \u015brodowisko w skali globalnej.<\/p>\n<\/div>\n<\/div><\/div>\n\n\n\n<div class=\"wp-block-media-text has-media-on-the-right is-stacked-on-mobile is-vertically-aligned-center\" style=\"grid-template-columns:auto 52%\"><div class=\"wp-block-media-text__content\">\n<div class=\"wp-block-group is-vertical is-layout-flex wp-container-core-group-is-layout-fe9cc265 wp-block-group-is-layout-flex\">\n<p><strong>Punktowa ocena inwestycji jest prowadzona w 10 kategoriach<\/strong>:<\/p>\n\n\n\n<ol class=\"wp-block-list\">\n<li>Zarz\u0105dzanie<\/li>\n\n\n\n<li>Zdrowie i samopoczucie<\/li>\n\n\n\n<li>Energia<\/li>\n\n\n\n<li>Transport<\/li>\n\n\n\n<li>Woda<\/li>\n\n\n\n<li>Materia\u0142y<\/li>\n\n\n\n<li>Odpady<\/li>\n\n\n\n<li>Wykorzystanie terenu i ekologia<\/li>\n\n\n\n<li>Zanieczyszczenie<\/li>\n\n\n\n<li>Innowacyjno\u015b\u0107<\/li>\n<\/ol>\n<\/div>\n<\/div><figure class=\"wp-block-media-text__media\"><img loading=\"lazy\" decoding=\"async\" width=\"1024\" height=\"640\" src=\"https:\/\/apertum-consulting.pl\/wp-content\/uploads\/2025\/10\/Obraz2-1024x640.jpg\" alt=\"\" class=\"wp-image-104 size-full\" srcset=\"https:\/\/apertum-consulting.pl\/wp-content\/uploads\/2025\/10\/Obraz2-1024x640.jpg 1024w, https:\/\/apertum-consulting.pl\/wp-content\/uploads\/2025\/10\/Obraz2-300x188.jpg 300w, https:\/\/apertum-consulting.pl\/wp-content\/uploads\/2025\/10\/Obraz2-768x480.jpg 768w, https:\/\/apertum-consulting.pl\/wp-content\/uploads\/2025\/10\/Obraz2-1536x960.jpg 1536w, https:\/\/apertum-consulting.pl\/wp-content\/uploads\/2025\/10\/Obraz2.jpg 1920w\" sizes=\"auto, (max-width: 1024px) 100vw, 1024px\" \/><\/figure><\/div>\n\n\n\n<div class=\"wp-block-media-text is-stacked-on-mobile\" style=\"grid-template-columns:48% auto\"><figure  class=\"wp-block-media-text__media\"><img loading=\"lazy\" decoding=\"async\" width=\"2560\" height=\"1164\" alt=\"\" src=\"https:\/\/apertum-consulting.pl\/wp-content\/uploads\/2025\/10\/iStock-1288537886-scaled.jpg\" class=\"wp-image-49 size-full\" srcset=\"https:\/\/apertum-consulting.pl\/wp-content\/uploads\/2025\/10\/iStock-1288537886-scaled.jpg 2560w, https:\/\/apertum-consulting.pl\/wp-content\/uploads\/2025\/10\/iStock-1288537886-300x136.jpg 300w, https:\/\/apertum-consulting.pl\/wp-content\/uploads\/2025\/10\/iStock-1288537886-1024x466.jpg 1024w, https:\/\/apertum-consulting.pl\/wp-content\/uploads\/2025\/10\/iStock-1288537886-768x349.jpg 768w, https:\/\/apertum-consulting.pl\/wp-content\/uploads\/2025\/10\/iStock-1288537886-1536x698.jpg 1536w, https:\/\/apertum-consulting.pl\/wp-content\/uploads\/2025\/10\/iStock-1288537886-2048x931.jpg 2048w\" sizes=\"auto, (max-width: 2560px) 100vw, 2560px\" \/><\/figure><div class=\"wp-block-media-text__content\">\n<p style=\"font-size:clamp(0.875rem, 0.875rem + ((1vw - 0.2rem) * 0.542), 1.2rem);\">Certyfikat<strong> BREEAM<\/strong> przyznawany jest przez organizacj\u0119 <strong>BRE Global<\/strong> (Building Research Establishment) na podstawie raportu i dowod\u00f3w przes\u0142anych przez licencjonowanego asesora. Jego zadaniem jest przeprowadzenie procesu oceny oraz wsp\u00f3\u0142praca z przedstawicielami Inwestora, Zespo\u0142u Projektowego oraz Wykonawcy, odpowiedzialnymi za powstanie obiektu, w celu zebrania niepodwa\u017calnych dowod\u00f3w potwierdzaj\u0105cych wybrane kryteria.<\/p>\n<\/div><\/div>\n","protected":false},"excerpt":{"rendered":"<p>Certyfikat BREEAM przyznawany jest przez organizacj\u0119 BRE Global (Building Research Establishment) na podstawie raportu i dowod\u00f3w przes\u0142anych przez licencjonowanego asesora. Jego zadaniem jest przeprowadzenie procesu oceny oraz wsp\u00f3\u0142praca z przedstawicielami Inwestora, Zespo\u0142u Projektowego oraz Wykonawcy, odpowiedzialnymi za powstanie obiektu, w celu zebrania niepodwa\u017calnych dowod\u00f3w potwierdzaj\u0105cych wybrane kryteria.<\/p>\n","protected":false},"author":1,"featured_media":49,"parent":0,"menu_order":1,"comment_status":"closed","ping_status":"closed","template":"","meta":{"footnotes":""},"class_list":["post-21","page","type-page","status-publish","has-post-thumbnail","hentry"],"_links":{"self":[{"href":"https:\/\/apertum-consulting.pl\/index.php\/wp-json\/wp\/v2\/pages\/21","targetHints":{"allow":["GET"]}}],"collection":[{"href":"https:\/\/apertum-consulting.pl\/index.php\/wp-json\/wp\/v2\/pages"}],"about":[{"href":"https:\/\/apertum-consulting.pl\/index.php\/wp-json\/wp\/v2\/types\/page"}],"author":[{"embeddable":true,"href":"https:\/\/apertum-consulting.pl\/index.php\/wp-json\/wp\/v2\/users\/1"}],"replies":[{"embeddable":true,"href":"https:\/\/apertum-consulting.pl\/index.php\/wp-json\/wp\/v2\/comments?post=21"}],"version-history":[{"count":30,"href":"https:\/\/apertum-consulting.pl\/index.php\/wp-json\/wp\/v2\/pages\/21\/revisions"}],"predecessor-version":[{"id":194,"href":"https:\/\/apertum-consulting.pl\/index.php\/wp-json\/wp\/v2\/pages\/21\/revisions\/194"}],"wp:featuredmedia":[{"embeddable":true,"href":"https:\/\/apertum-consulting.pl\/index.php\/wp-json\/wp\/v2\/media\/49"}],"wp:attachment":[{"href":"https:\/\/apertum-consulting.pl\/index.php\/wp-json\/wp\/v2\/media?parent=21"}],"curies":[{"name":"wp","href":"https:\/\/api.w.org\/{rel}","templated":true}]}}