{"id":76,"date":"2025-10-13T19:07:44","date_gmt":"2025-10-13T17:07:44","guid":{"rendered":"https:\/\/apertum-consulting.pl\/?page_id=76"},"modified":"2026-01-25T17:24:58","modified_gmt":"2026-01-25T16:24:58","slug":"o-nas","status":"publish","type":"page","link":"https:\/\/apertum-consulting.pl\/index.php\/o-nas\/","title":{"rendered":"O NAS"},"content":{"rendered":"\n<div class=\"wp-block-buttons alignwide has-custom-font-size has-small-font-size wp-container-content-1387b69e is-horizontal is-content-justification-center is-nowrap is-layout-flex wp-container-core-buttons-is-layout-f33adfaa wp-block-buttons-is-layout-flex\" style=\"margin-top:0;margin-bottom:var(--wp--preset--spacing--40);padding-top:0;padding-right:0;padding-bottom:0;padding-left:0\">\n<div class=\"wp-block-button is-style-fill\"><a class=\"wp-block-button__link has-base-color has-text-color has-background has-link-color wp-element-button\" href=\"https:\/\/apertum-consulting.pl\" style=\"background-color:#274370de\">HOME<\/a><\/div>\n\n\n\n<div class=\"wp-block-button\"><a class=\"wp-block-button__link has-base-color has-text-color has-background has-link-color wp-element-button\" href=\"https:\/\/apertum-consulting.pl\/index.php\/oferta\/\" style=\"background-color:#274370de\">BREEAM<\/a><\/div>\n\n\n\n<div class=\"wp-block-button\"><a class=\"wp-block-button__link has-base-color has-text-color has-background has-link-color wp-element-button\" href=\"https:\/\/apertum-consulting.pl\/index.php\/oferta-2\/\" style=\"background-color:#274370de\">OFERTA<\/a><\/div>\n\n\n\n<div class=\"wp-block-button\"><a class=\"wp-block-button__link has-base-color has-text-color has-background has-link-color wp-element-button\" href=\"https:\/\/apertum-consulting.pl\/index.php\/strona-glowna\/\" style=\"background-color:#274370de\">KONTAKT<\/a><\/div>\n<\/div>\n\n\n\n<div class=\"wp-block-media-text has-media-on-the-right is-stacked-on-mobile\" style=\"border-top-left-radius:0px;border-top-right-radius:0px;border-bottom-left-radius:0px;border-bottom-right-radius:0px;border-left-style:none;border-left-width:0px;margin-right:0;margin-left:0;padding-right:0;padding-left:0;grid-template-columns:auto 26%\"><div class=\"wp-block-media-text__content\">\n<p style=\"margin-top:0;margin-bottom:0;margin-left:0;font-size:clamp(1.79rem, 1.79rem + ((1vw - 0.2rem) * 2.183), 3.1rem);\"><strong>BIOGRAM<\/strong><\/p>\n\n\n\n<p style=\"margin-top:0;margin-bottom:0;margin-left:0;font-size:clamp(1.551rem, 1.551rem + ((1vw - 0.2rem) * 1.748), 2.6rem);\"><strong>KINGA KASZY\u0143SKA<\/strong><\/p>\n\n\n\n<p style=\"margin-top:0;margin-bottom:0;margin-left:0;font-size:clamp(1.551rem, 1.551rem + ((1vw - 0.2rem) * 1.748), 2.6rem);\">Architekt<br><strong>BREEAM<\/strong> International New Construction Assessor <br><strong>BREEAM<\/strong> in Use Assessor<\/p>\n<\/div><figure class=\"wp-block-media-text__media\"><img loading=\"lazy\" decoding=\"async\" width=\"493\" height=\"587\" src=\"https:\/\/apertum-consulting.pl\/wp-content\/uploads\/2026\/01\/Kinga.jpg\" alt=\"\" class=\"wp-image-155 size-full\" srcset=\"https:\/\/apertum-consulting.pl\/wp-content\/uploads\/2026\/01\/Kinga.jpg 493w, https:\/\/apertum-consulting.pl\/wp-content\/uploads\/2026\/01\/Kinga-252x300.jpg 252w\" sizes=\"auto, (max-width: 493px) 100vw, 493px\" \/><\/figure><\/div>\n\n\n\n<pre class=\"wp-block-preformatted\" style=\"margin-bottom:var(--wp--preset--spacing--60)\"><br><br><strong>Kinga Kaszy\u0144ska<\/strong> \u015bwiadczy us\u0142ugi w zakresie zarz\u0105dzania projektowaniem oraz doradztwa w zakresie zr\u00f3wnowa\u017conego rozwoju. Jest licencjonowanym asesorem BREEAM New Construction International oraz <strong>BREEAM<\/strong> in USE.<br>W 1995 r. uzyska\u0142a dyplom mgr in\u017c. architekta na Politechnice Warszawskiej, posiada 30-letnie do\u015bwiadczenie w projektowaniu i budowie nieruchomo\u015bci komercyjnych, a tak\u017ce mieszkaniowych. <br>Aktywnie uczestniczy w ca\u0142ym cyklu rozwoju projektu od koncepcji do uzyskania pozwolenia na u\u017cytkowanie. Posiada do\u015bwiadczenie w zakresie nadzor\u00f3w autorskich i koordynacji projekt\u00f3w. Bra\u0142a udzia\u0142 w projektowaniu oraz certyfikacji wielu presti\u017cowych budynk\u00f3w. <br>Przeprowadza r\u00f3wnie\u017c analizy due diligence w zakresie ochrony \u015brodowiska dla r\u00f3\u017cnych obiekt\u00f3w, takich jak centra logistyczne, budynki biurowe i inne.  <br><br>Certyfikacja <strong>BREEAM<\/strong> \u2013 doradztwo i analizy<br>\u2022\tBudynek burowy Iris, Warszawa, (ws\u00f3\u0142praca z Celtic Asset Management Sp. z o.o)<br>\u2022\tBudynek biurowy Ocean Plaza, Warszawa (wsp\u00f3\u0142praca z Trigen Ltd)<br>\u2022\tHotel Radisson, Warszawa, (wsp\u00f3\u0142praca z Trigen Ltd)<br>\u2022\tBudynek biurowy, Bydgoszcz, (wsp\u00f3\u0142praca z Gleeds Sp. z o.o)<br>\u2022\tRaport EDD Centrum Logistyczne, Tomaszkowo, (wsp\u00f3\u0142praca z Gleeds Sp. z o.o)<br><br>Certyfikacje <strong>BREEAM <\/strong>NC<br>\u2022\tBudynek biurowy Ogrody Lubicz, Krak\u00f3w, (wsp\u00f3\u0142praca z Gleeds Sp. z o.o)<br>\u2022\tBudynek biurowy PCC, Warszawa, (wsp\u00f3\u0142praca z biurem Epstein Sp. z o.o.)<br>\u2022\tBudynek biurowy \u0141u\u017cycka Plus, Gdynia<br>\u2022\tHotel Praski,Warszawa<br>\u2022\tCentrum badawcze ze szpitalem, Mi\u0142om\u0142yn<br><br>Certyfikacje <strong>BREEAM<\/strong> in USE<br>\u2022\tBudynek biurowo-produkcyjny, Kolonia Lesznowola <br><br><strong>ARCHITEKTURA<\/strong> <br>\u2022\tCentrum handlowo-biurowe Z\u0142ote Tarasy, Warszawa (wsp\u00f3\u0142praca z biurem Epstein Sp. z o.o.)<br>\u2022\tBudynek Biurowy Ronde One, Warszawa (wsp\u00f3\u0142praca z biurem Epstein Sp. z o.o.)<br>\u2022\tQubus Hotel, Katowice (wsp\u00f3\u0142praca z biurem Epstein Sp. z o.o.)<br>\u2022\tMotorola Software Center, Krak\u00f3w (wsp\u00f3\u0142praca z biurem Epstein Sp. z o.o.)<br>\u2022\tBudynek apartamentowy Koszykowa 69, Warszawa, (wsp\u00f3\u0142praca z Celtic Asset Mngmt Sp. z o.o)<br>\u2022\tHotel Airport Ok\u0119cie, Warszawa, (ws\u00f3\u0142praca z Decorum Architekci sp. z o.o.)<br>\u2022\tAl. KEN 50-54 zesp\u00f3\u0142 apatramentowy, Warszawa (wsp\u00f3\u0142praca z BAUS Architekci Sp. z o.o.)<br>\u2022\tul. W\u0105wozowa, budynek apartamentowy, Warszawa (wsp\u00f3\u0142praca z BAUS Architekci Sp. z o.o.)<\/pre>\n\n\n\n<div class=\"wp-block-media-text has-media-on-the-right is-stacked-on-mobile\" style=\"grid-template-columns:auto 26%\"><div class=\"wp-block-media-text__content\">\n<p style=\"border-top-width:50px;margin-top:0;font-size:clamp(1.79rem, 1.79rem + ((1vw - 0.2rem) * 2.183), 3.1rem);\"><strong>BIOGRAM<\/strong><\/p>\n\n\n\n<p style=\"font-size:clamp(1.551rem, 1.551rem + ((1vw - 0.2rem) * 1.748), 2.6rem);\"><strong>Joanna Kopacz-Gru\u017alewska <\/strong><\/p>\n\n\n\n<p style=\"font-size:clamp(1.551rem, 1.551rem + ((1vw - 0.2rem) * 1.748), 2.6rem);\">Architekt, Urbanista<\/p>\n\n\n\n<p class=\"has-medium-font-size\"><strong>BREEAM<\/strong> International New Construction Assessor<\/p>\n<\/div><figure class=\"wp-block-media-text__media\"><img loading=\"lazy\" decoding=\"async\" width=\"474\" height=\"550\" src=\"https:\/\/apertum-consulting.pl\/wp-content\/uploads\/2026\/01\/Aska.jpg\" alt=\"\" class=\"wp-image-162 size-full\" srcset=\"https:\/\/apertum-consulting.pl\/wp-content\/uploads\/2026\/01\/Aska.jpg 474w, https:\/\/apertum-consulting.pl\/wp-content\/uploads\/2026\/01\/Aska-259x300.jpg 259w\" sizes=\"auto, (max-width: 474px) 100vw, 474px\" \/><\/figure><\/div>\n\n\n\n<pre class=\"wp-block-preformatted\"><strong>Joanna Kopacz- Gru\u017alewska<\/strong> \u015bwiadczy us\u0142ugi w zakresie projektowania architektonicznego, doradztwa w zakresie zr\u00f3wnowa\u017conego rozwoju oraz projektowania i analiz urbanistycznych. Jest licencjonowanym asesorem certyfikacji <strong>BREEAM<\/strong> International New Construction oraz architektem z uprawnieniami do projektowania bez ogranicze\u0144. Uzyska\u0142a dyplom magistra in\u017cyniera architekta na Wydziale Architektury Politechniki Gda\u0144skiej, dyplom magisterski programu Sustainable Urban Design na Uniwersytecie w Lund w Szwecji, obecnie ma otwart\u0105 rozpraw\u0119 doktorsk\u0105 na Wydziale Architektury Politechniki \u015al\u0105skiej.  Posiada 25-letnie do\u015bwiadczenie w zakresie projektowania architektonicznego.<br>W zakresie kompetencji le\u017cy projektowanie architektoniczne pocz\u0105wszy od projektu koncepcyjnego, przez projekt budowlany, wykonawczy oraz nadzorowanie budowy. Bra\u0142a udzia\u0142 w projektowaniu budynk\u00f3w u\u017cyteczno\u015bci publicznej, mieszkaniowych i przemys\u0142owych. Posiada tak\u017ce do\u015bwiadczenie w sporz\u0105dzaniu wielokryterialnych analiz urbanistycznych dotycz\u0105cych zr\u00f3wnowa\u017conego rozwoju. Licencja asesora <strong>BREEAM<\/strong> jest dodatkowym atutem wspieraj\u0105cym proces projektowania.<br><br>Certyfikacja <strong>BREEAM<\/strong> \u2013 doradztwo i analizy<br>\u2022\tZesp\u00f3\u0142 budynk\u00f3w mieszkaniowych Peninsula Seaside 3, Ko\u0142obrzeg<br><br>Certyfikacje <strong>BREEAM NC<\/strong><br>\u2022\tHala logistyczno-magazynowa Pekabex, \u0141\u00f3d\u017a<br>\u2022\tBudynek biurowy Stocznia Centrum Gda\u0144sk<br>\u2022\tHala produkcyjno-magazynowa SENSON, Lesznowola<br><br><strong>ARCHITEKTURA<\/strong><br><br>\u2022\tSiedziba firmy GRATKA.pl, Gda\u0144sk<br>\u2022\tOsiedle 21 dom\u00f3w jednorodzinnych w zabudowie szeregowej Ustronie, Warszawa (wsp\u00f3\u0142praca z      <br>        biurem MWH Andrzej Wyszy\u0144ski)<br>\u2022\tBudynek Biurowy Ronde One, Warszawa (wsp\u00f3\u0142praca z biurem Epstein Sp. z o.o.)<br>\u2022\tCentrum handlowo- rozrywkowo \u2013 biurowe Z\u0142ote Tarasy, Warszawa <br>        (wsp\u00f3\u0142praca z biurem Epstein Sp. z o.o.)<br>\u2022\tStacja metra A-18 Plac Wilsona (wsp\u00f3\u0142praca z biurem AM Cho\u0142dzy\u0144ski)<br>\u2022\tRozbudowa Galerii Mokot\u00f3w, Warszawa (Wsp\u00f3\u0142praca z biurem HOK International)<br>\u2022\tCentrum Konferencyjne Pa\u0144stwowego Instytutu Geologicznego w Suwa\u0142kach<br>\u2022\tBudynek bankowo- biurowy Raiffeisen Bank Centre, Warszawa <br>        (wsp\u00f3\u0142praca z biurem MWH Architekci)<br>\u2022\tBiuro Wydawnicze Bauer Weltbild Media w Warszawie (wsp\u00f3\u0142praca z biurem MWH Architekci)<br>\u2022\tOsiedle 16 dom\u00f3w jednorodzinnych w uk\u0142adzie atrialnym \u201eLasek\u201d, Warszawa Saska K\u0119pa <br>        (wsp\u00f3\u0142praca z biurem MWH Architekci)<br>\u2022\tOsiedle 12 dom\u00f3w jednorodzinnych w uk\u0142adzie bli\u017aniaczym, Komor\u00f3w <br>        (wsp\u00f3\u0142praca z biurem MWH Architekci)<br><\/pre>\n","protected":false},"excerpt":{"rendered":"<p>BIOGRAM KINGA KASZY\u0143SKA ArchitektBREEAM International New Construction Assessor BREEAM in Use Assessor Kinga Kaszy\u0144ska \u015bwiadczy us\u0142ugi w zakresie zarz\u0105dzania projektowaniem oraz doradztwa w zakresie zr\u00f3wnowa\u017conego rozwoju. Jest licencjonowanym asesorem BREEAM New Construction International oraz BREEAM in USE.W 1995 r. uzyska\u0142a dyplom mgr in\u017c. architekta na Politechnice Warszawskiej, posiada 30-letnie do\u015bwiadczenie w projektowaniu i budowie nieruchomo\u015bci [&hellip;]<\/p>\n","protected":false},"author":1,"featured_media":49,"parent":0,"menu_order":3,"comment_status":"closed","ping_status":"closed","template":"","meta":{"footnotes":""},"class_list":["post-76","page","type-page","status-publish","has-post-thumbnail","hentry"],"_links":{"self":[{"href":"https:\/\/apertum-consulting.pl\/index.php\/wp-json\/wp\/v2\/pages\/76","targetHints":{"allow":["GET"]}}],"collection":[{"href":"https:\/\/apertum-consulting.pl\/index.php\/wp-json\/wp\/v2\/pages"}],"about":[{"href":"https:\/\/apertum-consulting.pl\/index.php\/wp-json\/wp\/v2\/types\/page"}],"author":[{"embeddable":true,"href":"https:\/\/apertum-consulting.pl\/index.php\/wp-json\/wp\/v2\/users\/1"}],"replies":[{"embeddable":true,"href":"https:\/\/apertum-consulting.pl\/index.php\/wp-json\/wp\/v2\/comments?post=76"}],"version-history":[{"count":20,"href":"https:\/\/apertum-consulting.pl\/index.php\/wp-json\/wp\/v2\/pages\/76\/revisions"}],"predecessor-version":[{"id":184,"href":"https:\/\/apertum-consulting.pl\/index.php\/wp-json\/wp\/v2\/pages\/76\/revisions\/184"}],"wp:featuredmedia":[{"embeddable":true,"href":"https:\/\/apertum-consulting.pl\/index.php\/wp-json\/wp\/v2\/media\/49"}],"wp:attachment":[{"href":"https:\/\/apertum-consulting.pl\/index.php\/wp-json\/wp\/v2\/media?parent=76"}],"curies":[{"name":"wp","href":"https:\/\/api.w.org\/{rel}","templated":true}]}}